{"id":126,"date":"2018-02-21T11:10:46","date_gmt":"2018-02-21T11:10:46","guid":{"rendered":"https:\/\/funcionara.cat\/informatics\/?page_id=126"},"modified":"2020-04-22T15:42:19","modified_gmt":"2020-04-22T13:42:19","slug":"politica-de-seguridad","status":"publish","type":"page","link":"https:\/\/funcionara.cat\/informatics\/politica-de-seguridad\/","title":{"rendered":"Pol\u00edtica de seguridad"},"content":{"rendered":"<p>[et_pb_section fb_built=&#8221;1&#8243; _builder_version=&#8221;3.0.47&#8243;][et_pb_row _builder_version=&#8221;3.0.47&#8243; background_size=&#8221;initial&#8221; background_position=&#8221;top_left&#8221; background_repeat=&#8221;repeat&#8221;][et_pb_column type=&#8221;4_4&#8243; _builder_version=&#8221;3.0.47&#8243; parallax=&#8221;off&#8221; parallax_method=&#8221;on&#8221;][et_pb_text _builder_version=&#8221;3.0.89&#8243;]<\/p>\n<p style=\"text-align: justify;\">POL\u00cdTICA DE PRIVADESA CONDICIONIS GENERALS D\u2019\u00daS<\/p>\n<p style=\"text-align: justify;\">1. ACCEPTACI\u00d3 DELS TERMES D\u2019\u00daS<\/p>\n<p style=\"text-align: justify;\">La utilitzaci\u00f3 del lloc web www.funcionara.cat propietat de DUALMIND, S.L. , d\u2019ara endavant DUALMIND, \u00e9s absolutament volunt\u00e0ria i suposa l\u2019acceptaci\u00f3 plena per qui accedeix al mateix, d\u2019ara endavant l\u2019Usuari, de totes les Condicions Generals d\u2019\u00das vigents a cada moment que es trobin en la present adre\u00e7a, per la qual cosa l\u2019Usuari haur\u00e0 de llegir detingudament i acceptar sense cap tipus de reserves la present POL\u00cdTICA DE PRIVADESA abans de realitzar qualsevol tipus d\u2019operaci\u00f3, visionat, utilitzaci\u00f3, etc. amb aquests llocs web. L\u2019Usuari es compromet a no utilitzar els llocs web o els seus serveis i continguts de forma contr\u00e0ria al que es disposa per la legislaci\u00f3 vigent. DUALMIND es reserva el dret a retirar l\u2019acc\u00e9s a la present p\u00e0gina web, sense necessitat de previ av\u00eds, a qualsevol Usuari que contravingui el que es disposa en aquestes Condicions Generals d\u2019\u00das.<\/p>\n<p style=\"text-align: justify;\">DUALMIND es reserva el dret de modificar a qualsevol moment les presents Condicions Generals d\u2019\u00das aix\u00ed com qualssevol altres condicions generals o particulars, reglaments d\u2019\u00fas o avisos que resultin d\u2019aplicaci\u00f3. Aix\u00ed mateix es reserva el dret a modificar a qualsevol moment la presentaci\u00f3, configuraci\u00f3 i localitzaci\u00f3 del Lloc web, aix\u00ed com els continguts i les condicions requerides per utilitzar els mateixos.<\/p>\n<p style=\"text-align: justify;\">2. OBJECTE<\/p>\n<p style=\"text-align: justify;\">DUALMIND proporciona informaci\u00f3 clara i gratu\u00efta als Usuaris sobre els productes i serveis que proporciona als seus clients, les seves caracter\u00edstiques i informaci\u00f3 sobre la pr\u00f2pia entitat.<\/p>\n<p style=\"text-align: justify;\">A www.funcionara.cat podrien realitzar-se enlla\u00e7os a altres p\u00e0gines, les quals no s\u00f3n gestionades per DUALMIND. Aquests enlla\u00e7os provenen d\u2019altres fonts d\u2019informaci\u00f3, no suposant la seva inclusi\u00f3 recomanaci\u00f3, invitaci\u00f3 o suggeriment per a la visita de les p\u00e0gines de destinaci\u00f3 i per tant DUALMIND declina tota responsabilitat que pogu\u00e9s sorgir en accedir a les p\u00e0gines de tercers.<\/p>\n<p style=\"text-align: justify;\">3. PROPIETAT INTEL\u00b7LECTUAL I INDUSTRIAL<\/p>\n<p style=\"text-align: justify;\">L\u2019Usuari reconeix i accepta que tots els drets de propietat industrial i intel\u00b7lectual sobre els continguts i qualssevol altres elements inserits en el Lloc web pertanyen a DUALMIND o als seus llicenciadors, excepte en l\u2019esmentat a l\u2019apartat anterior referent a hiperv\u00edncles. DUALMIND \u00e9s titular dels elements que integren el disseny gr\u00e0fic de la seva p\u00e0gina web, els men\u00fas, botons de navegaci\u00f3, el codi HTML, els textos, imatges, textures, gr\u00e0fics i qualsevol altre contingut de la p\u00e0gina web o, en qualsevol cas, disposa de la corresponent autoritzaci\u00f3 per a la utilitzaci\u00f3 d\u2019aquests elements. Per tant, l\u2019Usuari nom\u00e9s est\u00e0 autoritzat a visualitzar tot el material i contingut d\u2019aquesta p\u00e0gina tal com es presenta i a descarregar en una sola computadora una c\u00f2pia del material per al seu \u00fas personal i privat, mai amb prop\u00f2sits comercials, sempre que l\u2019Usuari compleixi amb totes les normatives de propietat industrial i intel\u00b7lectual. Aix\u00ed mateix queda prohibit suprimir, eludir o manipular el \u201ccopyright\u201d i altres dades identificatives dels drets de www.funcionara.cat i www.dualmind.com aix\u00ed com els dispositius t\u00e8cnics de protecci\u00f3, o qualsevol mecanisme d\u2019informaci\u00f3 que poguessin contenir els continguts.<\/p>\n<p style=\"text-align: justify;\">\u00a0DUALMIND autoritza l\u2019establiment d\u2019enlla\u00e7os entre altres webs i la seva, sempre que es respectin les seg\u00fcents condicions:<\/p>\n<p style=\"text-align: justify;\">Que l\u2019enlla\u00e7 no s\u2019estableixi des d\u2019una web els continguts de la qual resultin contraris a la Llei, a la moral i a l\u2019ordre p\u00fablic, que no s\u2019ofereixi una imatge de DUALMIND o dels seus productes que resulti distorsionada, perjudicial, o equivocada, que no es creu la impressi\u00f3 de que concorre una inexistent relaci\u00f3 o vinculaci\u00f3 comercial entre DUALMIND i els titulars, responsables o anunciants des de la qual es crea l\u2019enlla\u00e7, quan aquest no sigui el cas, que no es creu la impressi\u00f3 de que els continguts o web de DUALMIND pertanyen o han estat dissenyats pels titulars, responsables o anunciants a la web des de la qual s\u2019estableix l\u2019enlla\u00e7.<\/p>\n<p style=\"text-align: justify;\">\u00a04. \u00daS DEL SERVEI I RESPONSABILITATS<\/p>\n<p style=\"text-align: justify;\">Les condicions d\u2019acc\u00e9s i \u00fas de la present p\u00e0gina web es regeixen estrictament per la legalitat vigent i pel principi de bona fe comprometent-se l\u2019Usuari a realitzar un<br \/> bon \u00fas de la web i dels serveis que s\u2019ofereixen. Queden prohibits tots els actes que vulnerin la legalitat, drets o interessos de tercers, prohibint-se expressament:<\/p>\n<p style=\"text-align: justify;\">Realitzar actuacions que puguin produir a la web o a trav\u00e9s de la mateixa i per qualsevol mitj\u00e0 algun tipus de dany als sistemes de DUALMIND o a tercers Realitzar publicitat o informaci\u00f3 comercial directament o de forma encoberta, spam (enviament de correus massius) o l\u2019enviament de grans missatges amb la finalitat de bloquejar els servidors de la xarxa.<\/p>\n<p style=\"text-align: justify;\">\u00a0DUALMIND no pot assumir cap responsabilitat derivada de l\u2019\u00fas incorrecte, inadequat o il\u00b7l\u00edcit de la informaci\u00f3 apareguda a les p\u00e0gines d\u2019Internet de DUALMIND, S.L.<\/p>\n<p style=\"text-align: justify;\">5. CONDICIONS LEGALS D\u2019INFORMACI\u00d3 GENERAL<\/p>\n<p style=\"text-align: justify;\">DUALMIND en compliment amb el que es disposa en el art 10 de Llei 34\/2002 de Serveis de la Societat de la Informaci\u00f3 i de Comer\u00e7 Electr\u00f2nic, a trav\u00e9s de la seva p\u00e0gina Web proporciona l\u2019acc\u00e9s, per mitjans electr\u00f2nics, de forma permanent, f\u00e0cil, directa i gratu\u00efta, a la informaci\u00f3 relativa a la seva ra\u00f3 social, dades fiscals, registrals, domicili i adre\u00e7a de comunicacions.<\/p>\n<p style=\"text-align: justify;\">\u00a06. POL\u00cdTICA EN PROTECCI\u00d3 DE DADES<\/p>\n<p style=\"text-align: justify;\">DUALMIND compleix amb la normativa vigent establerta en la Llei 15\/1999 de Protecci\u00f3 de dades de car\u00e0cter personal, LOPD, i altra legislaci\u00f3 que la desenvolupa. Amb car\u00e0cter previ, es posa de manifest que per a l\u2019acc\u00e9s a determinada informaci\u00f3 i contingut, l\u2019Usuari haur\u00e0 de pr\u00e8viament donar-se d\u2019alta com a tal, havent d\u2019acceptar en la forma establerta en el mateix, d\u2019acord amb la LOPD, el tractament de les seves dades personals, per poder ser incorporat al nostre fitxer. DUALMIND es compromet a cancel\u00b7lar les dades personals quan hagin deixat de ser necessaris o pertinents per a la finalitat per la qual van ser recollits a trav\u00e9s del formulari habilitat a aquest efecte i a atendre a les peticions d\u2019informaci\u00f3 sol\u00b7licitades per l\u2019Usuari, sent el responsable del tractament DUALMIND.<\/p>\n<p style=\"text-align: justify;\">\u00a0D\u2019una altra part s\u2019informa als Usuaris de l\u2019\u00fas de cookies per obtenir informaci\u00f3 i realitzar an\u00e0lisis estad\u00edstiques sobre l\u2019\u00fas del nostre lloc web. Les cookies que utilitza DUALMIND s\u00f3n an\u00f2nimes i no es refereixen a les dades personals de l\u2019Usuari ni es pot accedir a trav\u00e9s de les mateixes a dades del disc dur de l\u2019Usuari. La identitat de l\u2019Usuari mai \u00e9s inserida directament en la cookie i per tant no se li pot identificar.<\/p>\n<p style=\"text-align: justify;\">\u00a0El protocol utilitzat es tracta d\u2019un protocol sense estat, la qual cosa significa que es manca de mitjans per relacionar la informaci\u00f3 concernent a una petici\u00f3 amb una altra petici\u00f3 anterior o posterior. Aquest protocol no coneix a la persona a qui est\u00e0 enviant una p\u00e0gina ni quantes p\u00e0gines li hagi pogut enviar, fins i tot encara que ens h\u00e0gim connectat escassament alguns segons abans, ja que cada petici\u00f3 de la p\u00e0gina es processa independentment.<\/p>\n<p style=\"text-align: justify;\">7. EXCLUSI\u00d3 DE RESPONSABILITAT<\/p>\n<p style=\"text-align: justify;\">DUALMIND declina tota responsabilitat en cas que l\u2019acc\u00e9s o les visites al seu web es veiessin impossibilitades o dificultades a causa d\u2019una interrupci\u00f3 o defectuosa prestaci\u00f3 del subministrament el\u00e8ctric, telef\u00f2nic o d\u2019altres prove\u00efdors de telecomunicacions aliens a DUALMIND o en el cas de produir-se conflictes socials o altres sup\u00f2sits de for\u00e7a major, o qualsevol actuaci\u00f3 d\u2019un tercer, inclosos els requeriments o ordres administratives o judicials, sabotatges o saturacions, intencionades o no.<\/p>\n<p style=\"text-align: justify;\">Es declina igualment tota responsabilitat derivada dels danys i perjudicis que pogu\u00e9s sofrir el visitant en els seus mitjans inform\u00e0tics o telem\u00e0tics a conseq\u00fc\u00e8ncia de la producci\u00f3 de qualsevol de les circumst\u00e0ncies anteriorment exposades.<\/p>\n<p style=\"text-align: justify;\">DUALMIND no garanteix la disponibilitat i continu\u00eftat del Lloc web ni es fa responsable de qualssevol danys i perjudicis produ\u00efts o que puguin produir-se en el futur, ni dels defectes t\u00e8cnics, qualsevol que sigui la seva naturalesa, que es derivin de l\u2019\u00fas de la informaci\u00f3 i de les mat\u00e8ries contingudes al Web <a href=\"http:\/\/www.funcionara.cat\">www.funcionara.cat<\/a>. Amb els l\u00edmits establerts en la Llei, DUALMIND no assumeix cap responsabilitat derivada de la falta d\u2019actualitzaci\u00f3 i precisi\u00f3 de les dades o<br \/> informacions que es contenen a les seves p\u00e0gines d\u2019Internet.<\/p>\n<p style=\"text-align: justify;\">POL\u00cdTICA DE COOKIES<\/p>\n<p style=\"text-align: justify;\">Cookie \u00e9s un fitxer que es descarrega en el seu ordinador en accedir a determinades p\u00e0gines web. Les cookies permeten a una p\u00e0gina web, entre altres coses, emmagatzemar i recuperar informaci\u00f3 sobre els h\u00e0bits de navegaci\u00f3 d\u2019un usuari o del seu equip i, depenent de la informaci\u00f3 que continguin i de la forma en qu\u00e8 utilitzi el seu equip, poden utilitzar-se per recon\u00e8ixer a l\u2019usuari.. El navegador de l\u2019usuari memoritza cookies en el disc dur solament durant la sessi\u00f3 actual ocupant un espai de mem\u00f2ria m\u00ednim i no perjudicant a l\u2019ordinador. Les cookies no contenen cap classe d\u2019informaci\u00f3 personal espec\u00edfica, i la majoria de les mateixes s\u2019esborren del disc dur en finalitzar la sessi\u00f3 de navegador (les denominades cookies de sessi\u00f3).<\/p>\n<p style=\"text-align: justify;\">\u00a0La majoria dels navegadors accepten com a est\u00e0ndard a les cookies i, amb independ\u00e8ncia de les mateixes, permeten o impedeixen en els ajustos de seguretat les cookies temporals o memoritzades. Sense el seu expr\u00e9s consentiment \u2013mitjan\u00e7ant l\u2019activaci\u00f3 de les cookies en el seu navegador\u2013 funcionara.cat no enlla\u00e7ar\u00e0 en les cookies les dades memoritzades amb les seves dades personals proporcionades ens moments de registre o la compra.<\/p>\n<p style=\"text-align: justify;\">\u00a0Quins tipus de cookies utilitza aquesta p\u00e0gina web?<\/p>\n<p style=\"text-align: justify;\">\u2013 Cookies t\u00e8cniques: S\u00f3n aquelles que permeten a l\u2019usuari la navegaci\u00f3 a trav\u00e9s d\u2019una p\u00e0gina web, plataforma o aplicaci\u00f3 i la utilitzaci\u00f3 de les diferents opcions o serveis que en ella existeixin com, per exemple, controlar el tr\u00e0fic i la comunicaci\u00f3 de dades, identificar la sessi\u00f3, accedir a parts d\u2019acc\u00e9s restringit, recordar els elements que integren una comanda, realitzar el proc\u00e9s de compra d\u2019una comanda, realitzar la sol\u00b7licitud d\u2019inscripci\u00f3 o participaci\u00f3 en un esdeveniment, utilitzar elements de seguretat durant la navegaci\u00f3, emmagatzemar continguts per a la difusi\u00f3 de videos o so o compartir continguts a trav\u00e9s de xarxes socials.<\/p>\n<p style=\"text-align: justify;\">\u00a0\u2013 Cookies de personalitzaci\u00f3: S\u00f3n aquelles que permeten a l\u2019usuari accedir al servei amb algunes caracter\u00edstiques de car\u00e0cter general predefinides en funci\u00f3 d\u2019una s\u00e8rie de criteris en el terminal de l\u2019usuari com per exemple serien l\u2019idioma, el tipus de navegador a trav\u00e9s del com accedeix al servei, la configuraci\u00f3 regional des d\u2019on accedeix al servei, etc.<\/p>\n<p style=\"text-align: justify;\">\u00a0\u2013 Cookies d\u2019an\u00e0lisi: S\u00f3n aquelles que ben tractades per nosaltres o per tercers, ens permeten quantificar el nombre d\u2019usuaris i aix\u00ed realitzar el mesurament i an\u00e0lisi estad\u00edstica de la utilitzaci\u00f3 que fan els usuaris del servei ofert. Per a aix\u00f2 s\u2019analitza la seva navegaci\u00f3 a la nostra p\u00e0gina web amb la finalitat de millorar l\u2019oferta de productes o serveis que li oferim.<\/p>\n<p style=\"text-align: justify;\">\u00a0\u2013 Cookies publicit\u00e0ries: S\u00f3n aquelles que, ben tractades per nosaltres o per tercers, ens permeten gestionar de la forma m\u00e9s efica\u00e7 possible l\u2019oferta dels espais publicitaris que hi ha a la p\u00e0gina web, adequant el contingut de l\u2019anunci al contingut del servei sol\u00b7licitat o a l\u2019\u00fas que realitzi de la nostra p\u00e0gina web. Per a aix\u00f2 podem analitzar els seus h\u00e0bits de navegaci\u00f3 en Internet i podem mostrar-li publicitat relacionada amb el seu perfil de navegaci\u00f3.<\/p>\n<p style=\"text-align: justify;\">\u00a0\u2013 Cookies de publicitat comportamental: S\u00f3n aquelles que permeten la gesti\u00f3, de la forma m\u00e9s efica\u00e7 possible, dels espais publicitaris que, si escau, l\u2019editor hagi incl\u00f2s en una p\u00e0gina web, aplicaci\u00f3 o plataforma des de la qual presta el servei sol\u00b7licitat. Aquestes cookies emmagatzemen informaci\u00f3 del comportament dels usuaris obtinguda a trav\u00e9s de l\u2019observaci\u00f3 continuada dels seus h\u00e0bits de navegaci\u00f3, la qual cosa permet desenvolupar un perfil espec\u00edfic per mostrar publicitat en funci\u00f3 del mateix.<\/p>\n<p style=\"text-align: justify;\">Cookies de tercers: La Web de funcionara.cat pot utilitzar serveis de tercers que, per compte de funcionara.cat, recopilessin informaci\u00f3 amb finalitats estad\u00edstiques, d\u2019\u00fas del Site per part de l\u2019usuari i per la prestacion d\u2019altres serveis relacionats amb l\u2019activitat del Website i altres serveis d\u2019Internet.<\/p>\n<p style=\"text-align: justify;\">En particular, aquest lloc web utilitza Google Analytics, un servei anal\u00edtic de web prestat per Google, Inc. amb domicili als Estats Units amb seu central en 1600 Amphitheatre Parkway, Mountain View, Calif\u00f2rnia 94043. Per a la prestaci\u00f3 d\u2019aquests serveis, aquests utilitzen cookies que recopilen la informaci\u00f3, inclosa l\u2019adre\u00e7a IP de l\u2019usuari, que ser\u00e0 transmesa, tractada i emmagatzemada per Google en els termes fixats a la Web Google.com. Incloent la possible transmissi\u00f3 d\u2019aquesta informaci\u00f3 a tercers per raons d\u2019exig\u00e8ncia legal o quan dites terceres processin la informaci\u00f3 per compte de Google.<\/p>\n<p style=\"text-align: justify;\">\u00a0(En aquest punt la AGPD suggereix incloure cadascuna de les cookies de tercers utilitzades i les dades de dites terceres. Per evidents raons en aquest model nom\u00e9s s\u2019ha incl\u00f2s la Google en l\u2019\u00fas de Analytics per ser la m\u00e9s estesa i comuna.)<\/p>\n<p style=\"text-align: justify;\">\u00a0L\u2019Usuari accepta expressament, per la utilitzaci\u00f3 d\u2019aquest Site, el tractament de la informaci\u00f3 recaptada en la forma i amb les finalitats anteriorment esmentades. I aix\u00ed mateix reconeix con\u00e8ixer la possibilitat de rebutjar el tractament de tals dades o informaci\u00f3 rebutjant l\u2019\u00fas de Cookies mitjan\u00e7ant la selecci\u00f3 de la configuraci\u00f3 apropiada a tal fi en el seu navegador. Si b\u00e9 aquesta opci\u00f3 de bloqueig de Cookies en el seu navegador pot no permetre-li l\u2019\u00fas ple de totes les funcionalitats del Website.<\/p>\n<p style=\"text-align: justify;\">\u00a0Pot vost\u00e8 permetre, bloquejar o eliminar les cookies instal\u00b7lades en el seu equip mitjan\u00e7ant la configuraci\u00f3 de les opcions del navegador que tingui instal\u00b7lat en el seu ordinador<\/p>\n<p>[\/et_pb_text][\/et_pb_column][\/et_pb_row][\/et_pb_section]<\/p>\n","protected":false},"excerpt":{"rendered":"<p>POL\u00cdTICA DE PRIVADESA CONDICIONIS GENERALS D\u2019\u00daS 1. ACCEPTACI\u00d3 DELS TERMES D\u2019\u00daS La utilitzaci\u00f3 del lloc web www.funcionara.cat propietat de DUALMIND, S.L. , d\u2019ara endavant DUALMIND, \u00e9s absolutament volunt\u00e0ria i suposa l\u2019acceptaci\u00f3 plena per qui accedeix al mateix, d\u2019ara endavant l\u2019Usuari, de totes les Condicions Generals d\u2019\u00das vigents a cada moment que es trobin en la [&hellip;]<\/p>\n","protected":false},"author":2,"featured_media":0,"parent":0,"menu_order":0,"comment_status":"closed","ping_status":"closed","template":"","meta":{"_et_pb_use_builder":"on","_et_pb_old_content":"","_et_gb_content_width":"","footnotes":""},"class_list":["post-126","page","type-page","status-publish","hentry"],"jetpack_sharing_enabled":true,"_links":{"self":[{"href":"https:\/\/funcionara.cat\/informatics\/wp-json\/wp\/v2\/pages\/126","targetHints":{"allow":["GET"]}}],"collection":[{"href":"https:\/\/funcionara.cat\/informatics\/wp-json\/wp\/v2\/pages"}],"about":[{"href":"https:\/\/funcionara.cat\/informatics\/wp-json\/wp\/v2\/types\/page"}],"author":[{"embeddable":true,"href":"https:\/\/funcionara.cat\/informatics\/wp-json\/wp\/v2\/users\/2"}],"replies":[{"embeddable":true,"href":"https:\/\/funcionara.cat\/informatics\/wp-json\/wp\/v2\/comments?post=126"}],"version-history":[{"count":9,"href":"https:\/\/funcionara.cat\/informatics\/wp-json\/wp\/v2\/pages\/126\/revisions"}],"predecessor-version":[{"id":458,"href":"https:\/\/funcionara.cat\/informatics\/wp-json\/wp\/v2\/pages\/126\/revisions\/458"}],"wp:attachment":[{"href":"https:\/\/funcionara.cat\/informatics\/wp-json\/wp\/v2\/media?parent=126"}],"curies":[{"name":"wp","href":"https:\/\/api.w.org\/{rel}","templated":true}]}}